{"id":30,"date":"2020-10-19T17:02:40","date_gmt":"2020-10-19T17:02:40","guid":{"rendered":"https:\/\/www.ciba-services.fr\/?page_id=30"},"modified":"2025-09-26T18:54:29","modified_gmt":"2025-09-26T18:54:29","slug":"contacto-ciba-services-asesoria-fiscal-francia-y-espana-impuestos-y-domiciliacion","status":"publish","type":"page","link":"https:\/\/www.ciba-services.fr\/es\/contacto-ciba-services-asesoria-fiscal-francia-y-espana-impuestos-y-domiciliacion\/","title":{"rendered":"CONTACTO"},"content":{"rendered":"<p>[et_pb_section fb_built=\u00bb1&#8243; _builder_version=\u00bb4.16&#8243; use_background_color_gradient=\u00bbon\u00bb background_color_gradient_stops=\u00bbrgba(153,153,153,0.55) 0%|rgba(55,137,155,0.6) 100%\u00bb background_color_gradient_start=\u00bbrgba(153,153,153,0.55)\u00bb background_color_gradient_end=\u00bbrgba(55,137,155,0.6)\u00bb background_image=\u00bbhttps:\/\/www.ciba-services.fr\/wp-content\/uploads\/2020\/10\/FOTO-TEMA-ASESORIA-4.jpg\u00bb background_blend=\u00bbmultiply\u00bb filter_saturate=\u00bb98%\u00bb box_shadow_style=\u00bbpreset1&#8243; box_shadow_blur=\u00bb37px\u00bb box_shadow_spread=\u00bb-4px\u00bb box_shadow_color=\u00bbrgba(55,84,163,0.58)\u00bb box_shadow_position=\u00bbinner\u00bb collapsed=\u00bbon\u00bb global_colors_info=\u00bb{}\u00bb][et_pb_row column_structure=\u00bb1_2,1_2&#8243; _builder_version=\u00bb4.16&#8243; global_colors_info=\u00bb{}\u00bb][et_pb_column type=\u00bb1_2&#8243; _builder_version=\u00bb4.16&#8243; global_colors_info=\u00bb{}\u00bb][\/et_pb_column][et_pb_column type=\u00bb1_2&#8243; _builder_version=\u00bb4.16&#8243; global_colors_info=\u00bb{}\u00bb][et_pb_text _builder_version=\u00bb4.16&#8243; text_text_color=\u00bb#ffffff\u00bb custom_padding=\u00bb15px|15px|15px|15px|false|false\u00bb border_radii=\u00bbon|1px|1px|1px|1px\u00bb border_width_all=\u00bb5px\u00bb border_color_all=\u00bb#cdd2f2&#8243; global_colors_info=\u00bb{}\u00bb]<strong>BATIMENT DES TRANSITAIRES, ZL DES JONCAUX, 16 RUE LEKUEDER, 64700, HENDAYE, FRANCIA<\/strong><\/p>\n<p><strong>Tel\u00e9fono : <span style=\"color: #ffffff;\"><a class=\"phone\" href=\"tel:+33 5 59 20 74 73\" style=\"color: #ffffff;\">+33 559207473<\/a><\/span><\/strong><br \/>\n<strong> Fax : +33 559204138<\/strong>[\/et_pb_text][\/et_pb_column][\/et_pb_row][\/et_pb_section][et_pb_section fb_built=\u00bb1&#8243; _builder_version=\u00bb4.16&#8243; collapsed=\u00bbon\u00bb global_colors_info=\u00bb{}\u00bb][et_pb_row _builder_version=\u00bb4.16&#8243; global_colors_info=\u00bb{}\u00bb][et_pb_column type=\u00bb4_4&#8243; _builder_version=\u00bb4.16&#8243; global_colors_info=\u00bb{}\u00bb][et_pb_contact_form email=\u00bbinfo@ciba.fr\u00bb custom_message=\u00bbFormulario web Ciba Services:||et_pb_line_break_holder||Nombre: %%Name%%||et_pb_line_break_holder||Apellidos: %%Name_2%%||et_pb_line_break_holder||Email: %%Email%%||et_pb_line_break_holder||Mensaje: %%Message%%||et_pb_line_break_holder||\u00bb _builder_version=\u00bb4.24.2&#8243; _unique_id=\u00bb1346b81c-de58-4284-bf4f-0819b1b9b63f\u00bb custom_button=\u00bbon\u00bb button_text_color=\u00bb#3754a3&#8243; button_font=\u00bb|600|||||||\u00bb global_colors_info=\u00bb{}\u00bb][et_pb_contact_field field_id=\u00bbName\u00bb field_title=\u00bbNombre\u00bb _builder_version=\u00bb4.24.2&#8243; global_colors_info=\u00bb{}\u00bb button_text_size__hover_enabled=\u00bboff\u00bb button_one_text_size__hover_enabled=\u00bboff\u00bb button_two_text_size__hover_enabled=\u00bboff\u00bb button_text_color__hover_enabled=\u00bboff\u00bb button_one_text_color__hover_enabled=\u00bboff\u00bb button_two_text_color__hover_enabled=\u00bboff\u00bb button_border_width__hover_enabled=\u00bboff\u00bb button_one_border_width__hover_enabled=\u00bboff\u00bb button_two_border_width__hover_enabled=\u00bboff\u00bb button_border_color__hover_enabled=\u00bboff\u00bb button_one_border_color__hover_enabled=\u00bboff\u00bb button_two_border_color__hover_enabled=\u00bboff\u00bb button_border_radius__hover_enabled=\u00bboff\u00bb button_one_border_radius__hover_enabled=\u00bboff\u00bb button_two_border_radius__hover_enabled=\u00bboff\u00bb button_letter_spacing__hover_enabled=\u00bboff\u00bb button_one_letter_spacing__hover_enabled=\u00bboff\u00bb button_two_letter_spacing__hover_enabled=\u00bboff\u00bb button_bg_color__hover_enabled=\u00bboff\u00bb button_one_bg_color__hover_enabled=\u00bboff\u00bb button_two_bg_color__hover_enabled=\u00bboff\u00bb][\/et_pb_contact_field][et_pb_contact_field field_id=\u00bbName_2&#8243; field_title=\u00bbApellidos\u00bb _builder_version=\u00bb4.24.2&#8243; global_colors_info=\u00bb{}\u00bb button_text_size__hover_enabled=\u00bboff\u00bb button_one_text_size__hover_enabled=\u00bboff\u00bb button_two_text_size__hover_enabled=\u00bboff\u00bb button_text_color__hover_enabled=\u00bboff\u00bb button_one_text_color__hover_enabled=\u00bboff\u00bb button_two_text_color__hover_enabled=\u00bboff\u00bb button_border_width__hover_enabled=\u00bboff\u00bb button_one_border_width__hover_enabled=\u00bboff\u00bb button_two_border_width__hover_enabled=\u00bboff\u00bb button_border_color__hover_enabled=\u00bboff\u00bb button_one_border_color__hover_enabled=\u00bboff\u00bb button_two_border_color__hover_enabled=\u00bboff\u00bb button_border_radius__hover_enabled=\u00bboff\u00bb button_one_border_radius__hover_enabled=\u00bboff\u00bb button_two_border_radius__hover_enabled=\u00bboff\u00bb button_letter_spacing__hover_enabled=\u00bboff\u00bb button_one_letter_spacing__hover_enabled=\u00bboff\u00bb button_two_letter_spacing__hover_enabled=\u00bboff\u00bb button_bg_color__hover_enabled=\u00bboff\u00bb button_one_bg_color__hover_enabled=\u00bboff\u00bb button_two_bg_color__hover_enabled=\u00bboff\u00bb][\/et_pb_contact_field][et_pb_contact_field field_id=\u00bbEmail\u00bb field_title=\u00bbCorreo electr\u00f3nico\u00bb field_type=\u00bbemail\u00bb _builder_version=\u00bb4.16&#8243; global_colors_info=\u00bb{}\u00bb button_text_size__hover_enabled=\u00bboff\u00bb button_one_text_size__hover_enabled=\u00bboff\u00bb button_two_text_size__hover_enabled=\u00bboff\u00bb button_text_color__hover_enabled=\u00bboff\u00bb button_one_text_color__hover_enabled=\u00bboff\u00bb button_two_text_color__hover_enabled=\u00bboff\u00bb button_border_width__hover_enabled=\u00bboff\u00bb button_one_border_width__hover_enabled=\u00bboff\u00bb button_two_border_width__hover_enabled=\u00bboff\u00bb button_border_color__hover_enabled=\u00bboff\u00bb button_one_border_color__hover_enabled=\u00bboff\u00bb button_two_border_color__hover_enabled=\u00bboff\u00bb button_border_radius__hover_enabled=\u00bboff\u00bb button_one_border_radius__hover_enabled=\u00bboff\u00bb button_two_border_radius__hover_enabled=\u00bboff\u00bb button_letter_spacing__hover_enabled=\u00bboff\u00bb button_one_letter_spacing__hover_enabled=\u00bboff\u00bb button_two_letter_spacing__hover_enabled=\u00bboff\u00bb button_bg_color__hover_enabled=\u00bboff\u00bb button_one_bg_color__hover_enabled=\u00bboff\u00bb button_two_bg_color__hover_enabled=\u00bboff\u00bb][\/et_pb_contact_field][et_pb_contact_field field_id=\u00bbMessage\u00bb field_title=\u00bbMensaje\u00bb field_type=\u00bbtext\u00bb fullwidth_field=\u00bbon\u00bb _builder_version=\u00bb4.24.2&#8243; global_colors_info=\u00bb{}\u00bb button_text_size__hover_enabled=\u00bboff\u00bb button_one_text_size__hover_enabled=\u00bboff\u00bb button_two_text_size__hover_enabled=\u00bboff\u00bb button_text_color__hover_enabled=\u00bboff\u00bb button_one_text_color__hover_enabled=\u00bboff\u00bb button_two_text_color__hover_enabled=\u00bboff\u00bb button_border_width__hover_enabled=\u00bboff\u00bb button_one_border_width__hover_enabled=\u00bboff\u00bb button_two_border_width__hover_enabled=\u00bboff\u00bb button_border_color__hover_enabled=\u00bboff\u00bb button_one_border_color__hover_enabled=\u00bboff\u00bb button_two_border_color__hover_enabled=\u00bboff\u00bb button_border_radius__hover_enabled=\u00bboff\u00bb button_one_border_radius__hover_enabled=\u00bboff\u00bb button_two_border_radius__hover_enabled=\u00bboff\u00bb button_letter_spacing__hover_enabled=\u00bboff\u00bb button_one_letter_spacing__hover_enabled=\u00bboff\u00bb button_two_letter_spacing__hover_enabled=\u00bboff\u00bb button_bg_color__hover_enabled=\u00bboff\u00bb button_one_bg_color__hover_enabled=\u00bboff\u00bb button_two_bg_color__hover_enabled=\u00bboff\u00bb][\/et_pb_contact_field][et_pb_contact_field field_id=\u00bbSeguridad\u00bb field_title=\u00bbConfirmaci\u00f3n\u00bb field_type=\u00bbcheckbox\u00bb checkbox_options=\u00bb%91{%22value%22:%22Confirma que no eres un robot%22,%22checked%22:0,%22dragID%22:-1}%93&#8243; fullwidth_field=\u00bbon\u00bb _builder_version=\u00bb4.16&#8243; _module_preset=\u00bbdefault\u00bb global_colors_info=\u00bb{}\u00bb][\/et_pb_contact_field][\/et_pb_contact_form][\/et_pb_column][\/et_pb_row][\/et_pb_section][et_pb_section fb_built=\u00bb1&#8243; _builder_version=\u00bb4.16&#8243; custom_padding=\u00bb3px|||||\u00bb collapsed=\u00bbon\u00bb global_colors_info=\u00bb{}\u00bb][et_pb_row _builder_version=\u00bb4.16&#8243; global_colors_info=\u00bb{}\u00bb][et_pb_column type=\u00bb4_4&#8243; _builder_version=\u00bb4.16&#8243; global_colors_info=\u00bb{}\u00bb][et_pb_text _builder_version=\u00bb4.16&#8243; global_colors_info=\u00bb{}\u00bb]<iframe loading=\"lazy\" src=\"https:\/\/www.google.com\/maps\/embed?pb=!1m14!1m8!1m3!1d11605.781111774937!2d-1.7726404!3d43.3467957!3m2!1i1024!2i768!4f13.1!3m3!1m2!1s0x0%3A0x6f33ceed0317b897!2sCiba+Services!5e0!3m2!1ses!2ses!4v1559898205902!5m2!1ses!2ses\" width=\"1400\" height=\"300\" frameborder=\"0\" style=\"border: 0;\" allowfullscreen=\"\"><\/iframe>[\/et_pb_text][\/et_pb_column][\/et_pb_row][\/et_pb_section][et_pb_section fb_built=\u00bb1&#8243; admin_label=\u00bbAbout\u00bb _builder_version=\u00bb4.16&#8243; background_color=\u00bb#2151A8&#8243; background_enable_image=\u00bboff\u00bb background_size=\u00bbinitial\u00bb background_position=\u00bbbottom_center\u00bb min_height=\u00bb251px\u00bb custom_padding=\u00bb8px|0px|0px|0px|false|false\u00bb collapsed=\u00bboff\u00bb global_colors_info=\u00bb{}\u00bb][et_pb_row column_structure=\u00bb1_3,1_3,1_3&#8243; _builder_version=\u00bb4.16&#8243; _module_preset=\u00bbdefault\u00bb custom_margin=\u00bb2px|auto||auto||\u00bb custom_padding=\u00bb21px||3px|||\u00bb global_colors_info=\u00bb{}\u00bb][et_pb_column type=\u00bb1_3&#8243; _builder_version=\u00bb4.16&#8243; _module_preset=\u00bbdefault\u00bb global_colors_info=\u00bb{}\u00bb][et_pb_text content_tablet=\u00bb\u00bb content_phone=\u00bb<\/p>\n<h3 class=%22nom-soc%22 itemprop=%22name%22 style=%22text-align: center;%22>&#8211; CIBA SERVICES &#8211;<\/h3>\n<h3 itemprop=%22address%22 itemtype=%22http:\/\/schema.org\/PostalAddress%22 style=%22text-align: center;%22><span itemprop=%22streetAddress%22>RUE DE L&#8217;AUTOPORT<\/span><\/h3>\n<h3 itemprop=%22address%22 itemtype=%22http:\/\/schema.org\/PostalAddress%22 style=%22text-align: center;%22><span itemprop=%22streetAddress%22>ZI DES JONCAUX<\/span><\/h3>\n<h3 itemprop=%22address%22 itemtype=%22http:\/\/schema.org\/PostalAddress%22 style=%22text-align: center;%22>BP 90313<br \/> <span itemprop=%22postalCode%22>64700<\/span><span> <\/span><span itemprop=%22addressLocality%22>HENDAYE<\/span><\/h3>\n<p>\u00bb content_last_edited=\u00bbon|phone\u00bb _builder_version=\u00bb4.16&#8243; _module_preset=\u00bbdefault\u00bb header_3_font=\u00bb|700|||||||\u00bb header_3_text_color=\u00bb#ffffff\u00bb header_3_font_size=\u00bb24px\u00bb custom_padding=\u00bb29px|||||\u00bb global_colors_info=\u00bb{}\u00bb]<\/p>\n<h3 class=\"nom-soc\" itemprop=\"name\" style=\"text-align: left;\">&#8211; CIBA SERVICES &#8211;<\/h3>\n<h3 itemprop=\"address\" itemtype=\"http:\/\/schema.org\/PostalAddress\" style=\"text-align: left;\">16 Rue lekueder,<br \/>\nBatiment des transitaires,<br \/>\nZI des joncaux,<br \/>\n64700 Hendaye <\/h3>\n<p>[\/et_pb_text][\/et_pb_column][et_pb_column type=\u00bb1_3&#8243; _builder_version=\u00bb4.16&#8243; _module_preset=\u00bbdefault\u00bb global_colors_info=\u00bb{}\u00bb][et_pb_image src=\u00bbhttps:\/\/www.ciba-services.fr\/wp-content\/uploads\/2020\/11\/LOGO-CIBA-sie\u0300ge-social-fiscalite\u0301-France-Espagne-fiscalite\u0301-04.png\u00bb alt=\u00bbCiba Services si\u00e8ge social-fiscalit\u00e9 France Espagne-fiscalit\u00e9\u00bb title_text=\u00bbLOGO CIBA sie\u0300ge social-fiscalite\u0301 France Espagne-fiscalite\u0301-04&#8243; align=\u00bbcenter\u00bb force_fullwidth=\u00bbon\u00bb _builder_version=\u00bb4.16&#8243; _module_preset=\u00bbdefault\u00bb custom_padding=\u00bb0px|||||\u00bb global_colors_info=\u00bb{}\u00bb][\/et_pb_image][\/et_pb_column][et_pb_column type=\u00bb1_3&#8243; _builder_version=\u00bb4.16&#8243; _module_preset=\u00bbdefault\u00bb global_colors_info=\u00bb{}\u00bb][et_pb_text content_tablet=\u00bb<\/p>\n<h3 class=%22nom-soc%22 itemprop=%22name%22 style=%22text-align: center;%22><span itemprop=%22email%22>INFO@CIBA.FR<\/span><br \/>\n<a class=%22phone%22 href=%22tel:0033559207473%22>+ 33 559 20 74 73<\/a><\/h3>\n<p>\u00bb content_phone=\u00bb<\/p>\n<h3 class=%22nom-soc%22 itemprop=%22name%22 style=%22text-align: center;%22><span itemprop=%22email%22>INFO@CIBA.FR<\/span><br \/>\n<a class=%22phone%22 href=%22tel:0033559207473%22>+ 33 559 20 74 73<\/a><\/h3>\n<p>\u00bb content_last_edited=\u00bbon|phone\u00bb _builder_version=\u00bb4.27.4&#8243; _module_preset=\u00bbdefault\u00bb header_3_font=\u00bb|700|||||||\u00bb header_3_text_color=\u00bb#ffffff\u00bb header_3_font_size=\u00bb24px\u00bb custom_padding=\u00bb68px|||||\u00bb custom_padding_tablet=\u00bb\u00bb custom_padding_phone=\u00bb10px||||false|false\u00bb custom_padding_last_edited=\u00bbon|phone\u00bb hover_enabled=\u00bb0&#8243; global_colors_info=\u00bb{}\u00bb sticky_enabled=\u00bb0&#8243;]<\/p>\n<h3 class=\"nom-soc\" itemprop=\"name\" style=\"text-align: center;\"><span itemprop=\"email\">INFO@CIBA.FR<\/span><br \/>\n<a class=\"phone\" href=\"tel:0033559207473\">+ 33 559 20 74 73<\/a><\/h3>\n<p>[\/et_pb_text][\/et_pb_column][\/et_pb_row][\/et_pb_section]<\/p>\n","protected":false},"excerpt":{"rendered":"<p>BATIMENT DES TRANSITAIRES, ZL DES JONCAUX, 16 RUE LEKUEDER, 64700, HENDAYE, FRANCIA Tel\u00e9fono : +33 559207473 Fax : +33 559204138- CIBA SERVICES &#8211; 16 Rue lekueder, Batiment des transitaires, ZI des joncaux, 64700 Hendaye INFO@CIBA.FR + 33 559 20 74 73<\/p>\n","protected":false},"author":1,"featured_media":0,"parent":0,"menu_order":0,"comment_status":"closed","ping_status":"closed","template":"","meta":{"_et_pb_use_builder":"on","_et_pb_old_content":"","_et_gb_content_width":"","footnotes":""},"class_list":["post-30","page","type-page","status-publish","hentry"],"yoast_head":"<!-- This site is optimized with the Yoast SEO plugin v27.2 - https:\/\/yoast.com\/product\/yoast-seo-wordpress\/ -->\n<title>Contacto Ciba Services Asesor\u00eda fiscal Francia y Espa\u00f1a<\/title>\n<meta name=\"description\" content=\"Contacto Ciba Services Asesor\u00eda fiscal Francia-Espa\u00f1a. Tramitaci\u00f3n impuestos, domiciliaci\u00f3n Francia, leyes actualizadas, contratos laborales\" \/>\n<meta name=\"robots\" content=\"index, follow, max-snippet:-1, max-image-preview:large, max-video-preview:-1\" \/>\n<link rel=\"canonical\" href=\"https:\/\/www.ciba-services.fr\/es\/contacto-ciba-services-asesoria-fiscal-francia-y-espana-impuestos-y-domiciliacion\/\" \/>\n<meta property=\"og:locale\" content=\"es_ES\" \/>\n<meta property=\"og:type\" content=\"article\" \/>\n<meta property=\"og:title\" content=\"Contacto Ciba Services Asesor\u00eda fiscal Francia y Espa\u00f1a\" \/>\n<meta property=\"og:description\" content=\"Contacto Ciba Services Asesor\u00eda fiscal Francia-Espa\u00f1a. Tramitaci\u00f3n impuestos, domiciliaci\u00f3n Francia, leyes actualizadas, contratos laborales\" \/>\n<meta property=\"og:url\" content=\"https:\/\/www.ciba-services.fr\/es\/contacto-ciba-services-asesoria-fiscal-francia-y-espana-impuestos-y-domiciliacion\/\" \/>\n<meta property=\"og:site_name\" content=\"Asesor\u00eda Francia, Ciba Services\" \/>\n<meta property=\"article:publisher\" content=\"https:\/\/www.facebook.com\/ciba.services\" \/>\n<meta property=\"article:modified_time\" content=\"2025-09-26T18:54:29+00:00\" \/>\n<meta property=\"og:image\" content=\"https:\/\/www.ciba-services.fr\/wp-content\/uploads\/2020\/10\/LOGO-CIBA-1.png\" \/>\n\t<meta property=\"og:image:width\" content=\"670\" \/>\n\t<meta property=\"og:image:height\" content=\"365\" \/>\n\t<meta property=\"og:image:type\" content=\"image\/png\" \/>\n<meta name=\"twitter:card\" content=\"summary_large_image\" \/>\n<meta name=\"twitter:label1\" content=\"Tiempo de lectura\" \/>\n\t<meta name=\"twitter:data1\" content=\"7 minutos\" \/>\n<script type=\"application\/ld+json\" class=\"yoast-schema-graph\">{\"@context\":\"https:\/\/schema.org\",\"@graph\":[{\"@type\":[\"WebPage\",\"ProfilePage\"],\"@id\":\"https:\/\/www.ciba-services.fr\/es\/contacto-ciba-services-asesoria-fiscal-francia-y-espana-impuestos-y-domiciliacion\/\",\"url\":\"https:\/\/www.ciba-services.fr\/es\/contacto-ciba-services-asesoria-fiscal-francia-y-espana-impuestos-y-domiciliacion\/\",\"name\":\"Contacto Ciba Services Asesor\u00eda fiscal Francia y Espa\u00f1a\",\"isPartOf\":{\"@id\":\"https:\/\/www.ciba-services.fr\/es\/#website\"},\"datePublished\":\"2020-10-19T17:02:40+00:00\",\"dateModified\":\"2025-09-26T18:54:29+00:00\",\"description\":\"Contacto Ciba Services Asesor\u00eda fiscal Francia-Espa\u00f1a. Tramitaci\u00f3n impuestos, domiciliaci\u00f3n Francia, leyes actualizadas, contratos laborales\",\"breadcrumb\":{\"@id\":\"https:\/\/www.ciba-services.fr\/es\/contacto-ciba-services-asesoria-fiscal-francia-y-espana-impuestos-y-domiciliacion\/#breadcrumb\"},\"inLanguage\":\"es\",\"potentialAction\":[{\"@type\":\"ReadAction\",\"target\":[\"https:\/\/www.ciba-services.fr\/es\/contacto-ciba-services-asesoria-fiscal-francia-y-espana-impuestos-y-domiciliacion\/\"]}]},{\"@type\":\"BreadcrumbList\",\"@id\":\"https:\/\/www.ciba-services.fr\/es\/contacto-ciba-services-asesoria-fiscal-francia-y-espana-impuestos-y-domiciliacion\/#breadcrumb\",\"itemListElement\":[{\"@type\":\"ListItem\",\"position\":1,\"name\":\"Portada\",\"item\":\"https:\/\/www.ciba-services.fr\/es\/\"},{\"@type\":\"ListItem\",\"position\":2,\"name\":\"CONTACTO\"}]},{\"@type\":\"WebSite\",\"@id\":\"https:\/\/www.ciba-services.fr\/es\/#website\",\"url\":\"https:\/\/www.ciba-services.fr\/es\/\",\"name\":\"Asesor\u00eda Francia, Ciba Services\",\"description\":\"Asesor\u00eda administrativa, aduanas y fiscal en Francia y Espa\u00f1a\",\"publisher\":{\"@id\":\"https:\/\/www.ciba-services.fr\/es\/#organization\"},\"potentialAction\":[{\"@type\":\"SearchAction\",\"target\":{\"@type\":\"EntryPoint\",\"urlTemplate\":\"https:\/\/www.ciba-services.fr\/es\/?s={search_term_string}\"},\"query-input\":{\"@type\":\"PropertyValueSpecification\",\"valueRequired\":true,\"valueName\":\"search_term_string\"}}],\"inLanguage\":\"es\"},{\"@type\":\"Organization\",\"@id\":\"https:\/\/www.ciba-services.fr\/es\/#organization\",\"name\":\"Ciba Services\",\"url\":\"https:\/\/www.ciba-services.fr\/es\/\",\"logo\":{\"@type\":\"ImageObject\",\"inLanguage\":\"es\",\"@id\":\"https:\/\/www.ciba-services.fr\/es\/#\/schema\/logo\/image\/\",\"url\":\"https:\/\/www.ciba-services.fr\/wp-content\/uploads\/2020\/10\/LOGO-CIBA-1.png\",\"contentUrl\":\"https:\/\/www.ciba-services.fr\/wp-content\/uploads\/2020\/10\/LOGO-CIBA-1.png\",\"width\":670,\"height\":365,\"caption\":\"Ciba Services\"},\"image\":{\"@id\":\"https:\/\/www.ciba-services.fr\/es\/#\/schema\/logo\/image\/\"},\"sameAs\":[\"https:\/\/www.facebook.com\/ciba.services\"],\"mainEntityOfPage\":{\"@id\":\"https:\/\/www.ciba-services.fr\/es\/contacto-ciba-services-asesoria-fiscal-francia-y-espana-impuestos-y-domiciliacion\/\"}}]}<\/script>\n<!-- \/ Yoast SEO plugin. -->","yoast_head_json":{"title":"Contacto Ciba Services Asesor\u00eda fiscal Francia y Espa\u00f1a","description":"Contacto Ciba Services Asesor\u00eda fiscal Francia-Espa\u00f1a. Tramitaci\u00f3n impuestos, domiciliaci\u00f3n Francia, leyes actualizadas, contratos laborales","robots":{"index":"index","follow":"follow","max-snippet":"max-snippet:-1","max-image-preview":"max-image-preview:large","max-video-preview":"max-video-preview:-1"},"canonical":"https:\/\/www.ciba-services.fr\/es\/contacto-ciba-services-asesoria-fiscal-francia-y-espana-impuestos-y-domiciliacion\/","og_locale":"es_ES","og_type":"article","og_title":"Contacto Ciba Services Asesor\u00eda fiscal Francia y Espa\u00f1a","og_description":"Contacto Ciba Services Asesor\u00eda fiscal Francia-Espa\u00f1a. Tramitaci\u00f3n impuestos, domiciliaci\u00f3n Francia, leyes actualizadas, contratos laborales","og_url":"https:\/\/www.ciba-services.fr\/es\/contacto-ciba-services-asesoria-fiscal-francia-y-espana-impuestos-y-domiciliacion\/","og_site_name":"Asesor\u00eda Francia, Ciba Services","article_publisher":"https:\/\/www.facebook.com\/ciba.services","article_modified_time":"2025-09-26T18:54:29+00:00","og_image":[{"width":670,"height":365,"url":"https:\/\/www.ciba-services.fr\/wp-content\/uploads\/2020\/10\/LOGO-CIBA-1.png","type":"image\/png"}],"twitter_card":"summary_large_image","twitter_misc":{"Tiempo de lectura":"7 minutos"},"schema":{"@context":"https:\/\/schema.org","@graph":[{"@type":["WebPage","ProfilePage"],"@id":"https:\/\/www.ciba-services.fr\/es\/contacto-ciba-services-asesoria-fiscal-francia-y-espana-impuestos-y-domiciliacion\/","url":"https:\/\/www.ciba-services.fr\/es\/contacto-ciba-services-asesoria-fiscal-francia-y-espana-impuestos-y-domiciliacion\/","name":"Contacto Ciba Services Asesor\u00eda fiscal Francia y Espa\u00f1a","isPartOf":{"@id":"https:\/\/www.ciba-services.fr\/es\/#website"},"datePublished":"2020-10-19T17:02:40+00:00","dateModified":"2025-09-26T18:54:29+00:00","description":"Contacto Ciba Services Asesor\u00eda fiscal Francia-Espa\u00f1a. Tramitaci\u00f3n impuestos, domiciliaci\u00f3n Francia, leyes actualizadas, contratos laborales","breadcrumb":{"@id":"https:\/\/www.ciba-services.fr\/es\/contacto-ciba-services-asesoria-fiscal-francia-y-espana-impuestos-y-domiciliacion\/#breadcrumb"},"inLanguage":"es","potentialAction":[{"@type":"ReadAction","target":["https:\/\/www.ciba-services.fr\/es\/contacto-ciba-services-asesoria-fiscal-francia-y-espana-impuestos-y-domiciliacion\/"]}]},{"@type":"BreadcrumbList","@id":"https:\/\/www.ciba-services.fr\/es\/contacto-ciba-services-asesoria-fiscal-francia-y-espana-impuestos-y-domiciliacion\/#breadcrumb","itemListElement":[{"@type":"ListItem","position":1,"name":"Portada","item":"https:\/\/www.ciba-services.fr\/es\/"},{"@type":"ListItem","position":2,"name":"CONTACTO"}]},{"@type":"WebSite","@id":"https:\/\/www.ciba-services.fr\/es\/#website","url":"https:\/\/www.ciba-services.fr\/es\/","name":"Asesor\u00eda Francia, Ciba Services","description":"Asesor\u00eda administrativa, aduanas y fiscal en Francia y Espa\u00f1a","publisher":{"@id":"https:\/\/www.ciba-services.fr\/es\/#organization"},"potentialAction":[{"@type":"SearchAction","target":{"@type":"EntryPoint","urlTemplate":"https:\/\/www.ciba-services.fr\/es\/?s={search_term_string}"},"query-input":{"@type":"PropertyValueSpecification","valueRequired":true,"valueName":"search_term_string"}}],"inLanguage":"es"},{"@type":"Organization","@id":"https:\/\/www.ciba-services.fr\/es\/#organization","name":"Ciba Services","url":"https:\/\/www.ciba-services.fr\/es\/","logo":{"@type":"ImageObject","inLanguage":"es","@id":"https:\/\/www.ciba-services.fr\/es\/#\/schema\/logo\/image\/","url":"https:\/\/www.ciba-services.fr\/wp-content\/uploads\/2020\/10\/LOGO-CIBA-1.png","contentUrl":"https:\/\/www.ciba-services.fr\/wp-content\/uploads\/2020\/10\/LOGO-CIBA-1.png","width":670,"height":365,"caption":"Ciba Services"},"image":{"@id":"https:\/\/www.ciba-services.fr\/es\/#\/schema\/logo\/image\/"},"sameAs":["https:\/\/www.facebook.com\/ciba.services"],"mainEntityOfPage":{"@id":"https:\/\/www.ciba-services.fr\/es\/contacto-ciba-services-asesoria-fiscal-francia-y-espana-impuestos-y-domiciliacion\/"}}]}},"_links":{"self":[{"href":"https:\/\/www.ciba-services.fr\/es\/wp-json\/wp\/v2\/pages\/30","targetHints":{"allow":["GET"]}}],"collection":[{"href":"https:\/\/www.ciba-services.fr\/es\/wp-json\/wp\/v2\/pages"}],"about":[{"href":"https:\/\/www.ciba-services.fr\/es\/wp-json\/wp\/v2\/types\/page"}],"author":[{"embeddable":true,"href":"https:\/\/www.ciba-services.fr\/es\/wp-json\/wp\/v2\/users\/1"}],"replies":[{"embeddable":true,"href":"https:\/\/www.ciba-services.fr\/es\/wp-json\/wp\/v2\/comments?post=30"}],"version-history":[{"count":40,"href":"https:\/\/www.ciba-services.fr\/es\/wp-json\/wp\/v2\/pages\/30\/revisions"}],"predecessor-version":[{"id":1568,"href":"https:\/\/www.ciba-services.fr\/es\/wp-json\/wp\/v2\/pages\/30\/revisions\/1568"}],"wp:attachment":[{"href":"https:\/\/www.ciba-services.fr\/es\/wp-json\/wp\/v2\/media?parent=30"}],"curies":[{"name":"wp","href":"https:\/\/api.w.org\/{rel}","templated":true}]}}